{"id":41,"date":"2016-09-28T11:17:20","date_gmt":"2016-09-28T04:17:20","guid":{"rendered":"http:\/\/luxstay.thimpress.com\/hotelwp-2\/?page_id=41"},"modified":"2025-01-25T13:11:22","modified_gmt":"2025-01-25T13:11:22","slug":"about-us-2","status":"publish","type":"page","link":"http:\/\/kaprys-szczyrk.pl\/index.php\/about-us-2\/","title":{"rendered":"About us"},"content":{"rendered":"<p>[vc_row css=&#8221;.vc_custom_1623388177094{padding-top: 50px !important;}&#8221;][vc_column]<div class=\"thim-widget-heading template-default\"><div class=\"thim-sc-heading \" >\n\t\t<div class=\"article_heading \">\n\t\t\t<h2  class=\"heading_secondary\">PENSJONAT KAPRYS<\/h2>\n\t\t\t<p class=\"heading_primary\"  >WITAMY<\/p>\n\t\t\t\n\t\t\t\n\t\t<\/div>\n\t<\/div><\/div>[vc_empty_space height=&#8221;20px&#8221;][\/vc_column][\/vc_row][vc_row css=&#8221;.vc_custom_1476086385327{margin-bottom: 20px !important;}&#8221;][vc_column width=&#8221;1\/2&#8243;][vc_wp_text el_class=&#8221;line-height-normal&#8221;]Witamy Cie serdecznie na naszej stronie. Zapraszamy do skorzystania z naszej oferty. Zalet\u0105 naszego obiektu jest lokalizacja, znajduje si\u0119 zaledwie 100 metr\u00f3w od wyci\u0105gu krzese\u0142kowego na Skrzyczne .Co sprawia, \u017ce na kolejce znajdziesz si\u0119 w oko\u0142o minut\u0119 i bez zb\u0119dnych kork\u00f3w czy problem\u00f3w z parkowaniem skorzytasz z bia\u0142ego szale\u0144stwa.<\/p>\n<p>W pobli\u017cu domu mie\u015bci si\u0119 przystanek autobusowy w stron\u0119 Bielska &nbsp;co pozwala na \u0142atwe przemieszczanie si\u0119 po ca\u0142ym mie\u015bcie .W odleg\u0142o\u015bci 50 metr\u00f3w usytuowany jest sklep spo\u017cywczy.<\/p>\n<p>Prowadzimy tak\u017ce lokal gastronomiczny w odleg\u0142o\u015bci 20 metr\u00f3w od domu. Serwujemy tradycyjn\u0105 kuchnie polsk\u0105 .Oferujemy pobyt z \u015bniadaniem a dla klient\u00f3w z pensjonatu 10% na pozosta\u0142e posi\u0142ki<\/p>\n<p>&nbsp;[\/vc_wp_text][\/vc_column][vc_column width=&#8221;1\/2&#8243;][vc_wp_text el_class=&#8221;line-height-normal&#8221;]Zapewniamy komfort pobytu noclegowego w Szczyrku w sezonie letnim i zimowym. Niedaleka odleg\u0142o\u015bc od kolejki linowej na Skrzyczne zadowoli zar\u00f3wno narciarzy , rowerzyst\u00f3w jak i paralotniarzy. Dysponujemy parkingiem z mo\u017cliwo\u015bci\u0105 wyjazdu o ka\u017cdej porze. Za domem znajduj\u0119 si\u0119 ogr\u00f3d i miejsce do wypoczynku i grillowania.<\/p>\n<p>Dysponujemy pokojami 2, 4,5 osobowymi. W ka\u017cdym pokoju znajduj\u0119 si\u0119 \u0142azienka i telewizor. Na p\u00f3\u0142pi\u0119trach znajduj\u0119 si\u0119 lod\u00f3wka i kuchenka mikrofalowa oraz naczynia i sztu\u0107ce.[\/vc_wp_text][\/vc_column][vc_column][vc_raw_html]JTVCZW52aXJhLWdhbGxlcnklMjBpZCUzRCUyMjMyNzIwJTIyJTVE[\/vc_raw_html][\/vc_column][\/vc_row][vc_row][vc_column][m_instagram][\/vc_column][\/vc_row][vc_row css=&#8221;.vc_custom_1475035597783{padding-top: 60px !important;}&#8221;][vc_column width=&#8221;1\/2&#8243;]<div class=\"thim-widget-heading template-default\"><div class=\"thim-sc-heading \" >\n\t\t<div class=\"article_heading \">\n\t\t\t<h2  class=\"heading_secondary\">CENNIK<\/h2>\n\t\t\t\n\t\t\t\n\t\t\t\n\t\t<\/div>\n\t<\/div><\/div>[vc_column_text]<\/p>\n<ul class=\"thim-list\" style=\"font-size: 20px; line-height: 27px; font-weight: 400;\">\n<li><i class=\"fa fa-check thim-primary-color\"><\/i>Cena noclegu <strong>60-100 z\u0142<\/strong><\/li>\n<li>\u015aniadanie <strong>30 z\u0142<\/strong><\/li>\n<\/ul>\n<p>[\/vc_column_text][\/vc_column][vc_column width=&#8221;1\/2&#8243;]<div class=\"thim-widget-heading template-default\"><div class=\"thim-sc-heading \" >\n\t\t<div class=\"article_heading \">\n\t\t\t<h2  class=\"heading_secondary\">DLACZEGO WARTO<\/h2>\n\t\t\t<p class=\"heading_primary\"  >WYNAJ\u0104\u0106 POK\u00d3J<\/p>\n\t\t\t\n\t\t\t\n\t\t<\/div>\n\t<\/div><\/div>[vc_row_inner][vc_column_inner][vc_column_text]<\/p>\n<ul class=\"thim-list\" style=\"font-size: 20px; line-height: 27px; font-weight: 400;\">\n<li><i class=\"fa fa-check thim-primary-color\"><\/i>Tylko 100 metr\u00f3w do wyci\u0105gu na Skrzyczne<\/li>\n<li><i class=\"fa fa-check thim-primary-color\"><\/i>Parking na posesji<\/li>\n<li><i class=\"fa fa-check thim-primary-color\"><\/i>Mo\u017cliwo\u015b\u0107 noclegu ze \u015bniadaniem<\/li>\n<li><i class=\"fa fa-check thim-primary-color\"><\/i>10 % na zni\u017cki na wy\u017cywienie<\/li>\n<\/ul>\n<p>[\/vc_column_text][\/vc_column_inner][\/vc_row_inner][\/vc_column][\/vc_row][vc_row][vc_column][vc_row_inner css=&#8221;.vc_custom_1475570441500{margin-bottom: 65px !important;padding-top: 15px !important;}&#8221;][vc_column_inner width=&#8221;1\/3&#8243;][vc_single_image image=&#8221;32459&#8243; img_size=&#8221;740&#215;600&#8243; alignment=&#8221;center&#8221;][\/vc_column_inner][vc_column_inner width=&#8221;1\/3&#8243;][vc_single_image image=&#8221;32451&#8243; img_size=&#8221;740&#215;600&#8243; alignment=&#8221;center&#8221;][\/vc_column_inner][vc_column_inner width=&#8221;1\/3&#8243;][vc_single_image image=&#8221;32479&#8243; img_size=&#8221;740&#215;600&#8243; alignment=&#8221;center&#8221;][\/vc_column_inner][\/vc_row_inner][\/vc_column][\/vc_row]<\/p>\n","protected":false},"excerpt":{"rendered":"<p>[vc_row css=&#8221;.vc_custom_1623388177094{padding-top: 50px !important;}&#8221;][vc_column][vc_empty_space height=&#8221;20px&#8221;][\/vc_column][\/vc_row][vc_row css=&#8221;.vc_custom_1476086385327{margin-bottom: 20px !important;}&#8221;][vc_column width=&#8221;1\/2&#8243;][vc_wp_text el_class=&#8221;line-height-normal&#8221;]Witamy Cie serdecznie na naszej stronie. Zapraszamy do skorzystania z naszej oferty. Zalet\u0105 naszego obiektu jest lokalizacja, znajduje si\u0119 zaledwie 100 metr\u00f3w od wyci\u0105gu krzese\u0142kowego na Skrzyczne .Co sprawia, \u017ce na kolejce znajdziesz si\u0119 w oko\u0142o minut\u0119 i bez zb\u0119dnych kork\u00f3w&#8230;<\/p>\n","protected":false},"author":1,"featured_media":0,"parent":0,"menu_order":0,"comment_status":"closed","ping_status":"closed","template":"","meta":{"ngg_post_thumbnail":0,"footnotes":""},"class_list":["post-41","page","type-page","status-publish","hentry"],"jetpack_sharing_enabled":true,"_links":{"self":[{"href":"http:\/\/kaprys-szczyrk.pl\/index.php\/wp-json\/wp\/v2\/pages\/41","targetHints":{"allow":["GET"]}}],"collection":[{"href":"http:\/\/kaprys-szczyrk.pl\/index.php\/wp-json\/wp\/v2\/pages"}],"about":[{"href":"http:\/\/kaprys-szczyrk.pl\/index.php\/wp-json\/wp\/v2\/types\/page"}],"author":[{"embeddable":true,"href":"http:\/\/kaprys-szczyrk.pl\/index.php\/wp-json\/wp\/v2\/users\/1"}],"replies":[{"embeddable":true,"href":"http:\/\/kaprys-szczyrk.pl\/index.php\/wp-json\/wp\/v2\/comments?post=41"}],"version-history":[{"count":13,"href":"http:\/\/kaprys-szczyrk.pl\/index.php\/wp-json\/wp\/v2\/pages\/41\/revisions"}],"predecessor-version":[{"id":32721,"href":"http:\/\/kaprys-szczyrk.pl\/index.php\/wp-json\/wp\/v2\/pages\/41\/revisions\/32721"}],"wp:attachment":[{"href":"http:\/\/kaprys-szczyrk.pl\/index.php\/wp-json\/wp\/v2\/media?parent=41"}],"curies":[{"name":"wp","href":"https:\/\/api.w.org\/{rel}","templated":true}]}}