{"id":525,"date":"2016-05-09T07:13:36","date_gmt":"2016-05-09T07:13:36","guid":{"rendered":"http:\/\/localhost\/marin\/?page_id=525"},"modified":"2025-01-28T11:20:26","modified_gmt":"2025-01-28T11:20:26","slug":"domekbadzblisko","status":"publish","type":"page","link":"http:\/\/kaprys-szczyrk.pl\/index.php\/domekbadzblisko\/","title":{"rendered":"DOMEK DO WYNAJ\u0118CIA"},"content":{"rendered":"<p>[vc_row][vc_column][vc_text_separator title=&#8221;DOMEK B\u0104D\u0179 BLISKO&#8221;][vc_column_text]<\/p>\n<p style=\"text-align: center;\">Zapraszamy do nowo powsta\u0142ego domku <strong>&#8220;B\u0105d\u017a blisko&#8221;<\/strong>. Domek oferuje 8 miejsc noclegowych. Do dyspozycji go\u015bci s\u0105 4 sypialnie, 2 \u0142azienki oraz salon z w pe\u0142ni wyposa\u017con\u0105 kuchni\u0105.<\/p>\n<p style=\"text-align: center;\">Jedn\u0105 z zalet naszego domku jest lokalizacja, znajduje si\u0119 zaledwie 100 metr\u00f3w od wyci\u0105gu krzese\u0142kowego na Skrzyczne. Dzi\u0119ki temu na kolejce znajdziesz si\u0119 w oko\u0142o minut\u0119 i bez zb\u0119dnych kork\u00f3w czy problem\u00f3w z parkowaniem skorzystasz z bia\u0142ego szale\u0144stwa. W okresie zimowym przy obfitych opadach \u015bniegu, do domku mo\u017cesz dojecha\u0107 nawet na nartach!<\/p>\n<p style=\"text-align: center;\">W pobli\u017cu domu mie\u015bci si\u0119 przystanek autobusowy w stron\u0119 Bielska-Bia\u0142ej co pozwala na \u0142atwe przemieszczanie si\u0119 po ca\u0142ym mie\u015bcie. W odleg\u0142o\u015bci 100 metr\u00f3w usytuowany jest sklep spo\u017cywczy oraz Restauracja Kaprys, w kt\u00f3rej serwowana jest tradycyjna kuchnia polska. Dla lubi\u0105cych g\u00f3rskie w\u0119dr\u00f3wki &#8211; Szlak na Skrzyczne zaczyna si\u0119 pod kolejk\u0105, co sprawia \u017ce jest praktycznie &#8216;pod r\u0119k\u0105&#8217;.<\/p>\n<p style=\"text-align: center;\">Domek ma oko\u0142o 80m2.<\/p>\n<p style=\"text-align: left;\">Na parterze przygotowano do dyspozycji:<\/p>\n<ul style=\"text-align: center;\">\n<li style=\"text-align: left;\">sypialni\u0119 dwuosobow\u0105&nbsp;<\/li>\n<li style=\"text-align: left;\">salon<\/li>\n<li style=\"text-align: left;\">w pe\u0142ni wyposa\u017cona kuchnia<\/li>\n<li style=\"text-align: left;\">\u0142azienka z prysznicem<\/li>\n<li style=\"text-align: left;\">taras<\/li>\n<\/ul>\n<p style=\"text-align: left;\">Na pi\u0119trze znajduj\u0105 si\u0119<\/p>\n<ul style=\"text-align: center;\">\n<li style=\"text-align: left;\">3 sypialnie dwuosobowe<\/li>\n<li style=\"text-align: left;\">\u0142azienka z prysznicem<\/li>\n<li style=\"text-align: left;\">balkon<\/li>\n<\/ul>\n<p style=\"text-align: center;\">W salonie oraz w ka\u017cdej sypialni znajduje si\u0119 TV, gdzie mo\u017cna obejrze\u0107 wszystkie kana\u0142y telewizji naziemnej, czy skorzysta\u0107 z platform internetowych jak np. Youtube czy Netflix. Na terenie ca\u0142ego budynku jest darmowe WIFI.<\/p>\n<p style=\"text-align: center;\">Do dyspozycji go\u015bci jest prywatny parking.<\/p>\n<p style=\"text-align: center;\">Doba hotelowa trwa od godziny 15.00 do godziny 11.00<\/p>\n<p style=\"text-align: center;\">Minimalna d\u0142ugo\u015b\u0107 rezerwacji to 3 noce.&nbsp;<\/p>\n<p style=\"text-align: center;\"><strong>Domek B\u0105d\u017a Blisko<\/strong> znajduje si\u0119 na terenie Go\u015bci\u0144ca Kaprys.<\/p>\n<p style=\"text-align: center;\">&nbsp;<\/p>\n<p>[\/vc_column_text][vc_text_separator title=&#8221;CENNIK&#8221;][vc_column_text]<\/p>\n<p style=\"text-align: center;\">Cena za wynaj\u0119cie ca\u0142ego domku<\/p>\n<p style=\"text-align: center;\">0d 700 z\u0142&nbsp; do 900 z\u0142 w sezonie zimowym<\/p>\n<p>[\/vc_column_text][\/vc_column][vc_column][vc_text_separator title=&#8221;KONTAKT&#8221;][\/vc_column][\/vc_row][vc_row][vc_column][vc_column_text]<\/p>\n<div class=\"contact-address\">\n<p class=\"text\" style=\"text-align: center;\">Szczyrk, ul. My\u015bliwska 57<\/p>\n<\/div>\n<div class=\"contact-phone\" style=\"text-align: center;\"><i class=\"las la-phone\"><\/i><a href=\"tel:502484036\">Zadzwo\u0144. <strong>502484036<\/strong><\/a><\/div>\n<div class=\"contact-email\" style=\"text-align: center;\"><i class=\"las la-envelope\"><\/i><a href=\"kaprys5743@gmail.com\">Email. domek.badzblisko@gmail.com<\/a><\/div>\n<p>[\/vc_column_text][\/vc_column][\/vc_row][vc_row][vc_column][vc_raw_html]JTVCZW52aXJhLWdhbGxlcnklMjBzbHVnJTNEJTIyZG9tZWslMjIlNUQ=[\/vc_raw_html][\/vc_column][\/vc_row]<\/p>\n","protected":false},"excerpt":{"rendered":"<p>[vc_row][vc_column][vc_text_separator title=&#8221;DOMEK B\u0104D\u0179 BLISKO&#8221;][vc_column_text] Zapraszamy do nowo powsta\u0142ego domku &#8220;B\u0105d\u017a blisko&#8221;. Domek oferuje 8 miejsc noclegowych. Do dyspozycji go\u015bci s\u0105 4 sypialnie, 2 \u0142azienki oraz salon z w pe\u0142ni wyposa\u017con\u0105 kuchni\u0105. Jedn\u0105 z zalet naszego domku jest lokalizacja, znajduje si\u0119 zaledwie 100 metr\u00f3w od wyci\u0105gu krzese\u0142kowego na Skrzyczne. Dzi\u0119ki temu&#8230;<\/p>\n","protected":false},"author":1,"featured_media":0,"parent":0,"menu_order":0,"comment_status":"closed","ping_status":"closed","template":"","meta":{"ngg_post_thumbnail":0,"footnotes":""},"class_list":["post-525","page","type-page","status-publish","hentry"],"jetpack_sharing_enabled":true,"_links":{"self":[{"href":"http:\/\/kaprys-szczyrk.pl\/index.php\/wp-json\/wp\/v2\/pages\/525","targetHints":{"allow":["GET"]}}],"collection":[{"href":"http:\/\/kaprys-szczyrk.pl\/index.php\/wp-json\/wp\/v2\/pages"}],"about":[{"href":"http:\/\/kaprys-szczyrk.pl\/index.php\/wp-json\/wp\/v2\/types\/page"}],"author":[{"embeddable":true,"href":"http:\/\/kaprys-szczyrk.pl\/index.php\/wp-json\/wp\/v2\/users\/1"}],"replies":[{"embeddable":true,"href":"http:\/\/kaprys-szczyrk.pl\/index.php\/wp-json\/wp\/v2\/comments?post=525"}],"version-history":[{"count":22,"href":"http:\/\/kaprys-szczyrk.pl\/index.php\/wp-json\/wp\/v2\/pages\/525\/revisions"}],"predecessor-version":[{"id":32729,"href":"http:\/\/kaprys-szczyrk.pl\/index.php\/wp-json\/wp\/v2\/pages\/525\/revisions\/32729"}],"wp:attachment":[{"href":"http:\/\/kaprys-szczyrk.pl\/index.php\/wp-json\/wp\/v2\/media?parent=525"}],"curies":[{"name":"wp","href":"https:\/\/api.w.org\/{rel}","templated":true}]}}