{"id":84,"date":"2016-09-30T10:03:02","date_gmt":"2016-09-30T03:03:02","guid":{"rendered":"http:\/\/luxstay.thimpress.com\/hotelwp-2\/?page_id=84"},"modified":"2021-12-01T19:35:05","modified_gmt":"2021-12-01T19:35:05","slug":"contact-2","status":"publish","type":"page","link":"http:\/\/kaprys-szczyrk.pl\/index.php\/contact-2\/","title":{"rendered":"Contact"},"content":{"rendered":"<p>[vc_row][vc_column width=&#8221;1\/2&#8243;]<div class=\"thim-widget-heading template-default\"><div class=\"thim-sc-heading \" >\n\t\t<div class=\"article_heading \">\n\t\t\t<h2  class=\"heading_secondary\">KONTAKT<\/h2>\n\t\t\t\n\t\t\t\n\t\t\t\n\t\t<\/div>\n\t<\/div><\/div>[vc_column_text]<\/p>\n<div class=\"contact-address\">\n<p>&nbsp;<\/p>\n<p class=\"text\">Szczyrk, ul. My\u015bliwska 57<\/p>\n<\/div>\n<div class=\"contact-phone\"><i class=\"las la-phone\"><\/i><a href=\"tel:01794340979\">Zadzwo\u0144. <strong>509011625<\/strong><\/a><\/div>\n<div class=\"contact-email\"><i class=\"las la-envelope\"><\/i><a href=\"kaprys5743@gmail.com\">Email. kaprys5743@gmail.com<\/a><\/div>\n<p>[\/vc_column_text][vc_empty_space height=&#8221;10px&#8221; el_class=&#8221;full-height&#8221;][vc_empty_space height=&#8221;19px&#8221;]<div class=\"thim-widget-google-map template-default\"><div class=\"thim-map-iframe\" style =\"height: 665px\"><iframe frameborder=\"0\" scrolling=\"no\" marginheight=\"0\" marginwidth=\"0\" src=\"https:\/\/maps.google.com\/maps?q=My%C5%9Bliwska%2057%2C%2043-370%20Szczyrk&amp;t=m&amp;z=12&amp;output=embed&amp;iwloc=near\" title=\"My\u015bliwska 57, 43-370 Szczyrk\" aria-label=\"My\u015bliwska 57, 43-370 Szczyrk\"><\/iframe><\/div><\/div>[\/vc_column][vc_column width=&#8221;1\/2&#8243;]<div class=\"thim-widget-heading template-default\"><div class=\"thim-sc-heading \" >\n\t\t<div class=\"article_heading \">\n\t\t\t<h2  class=\"heading_secondary\">NAPISZ<\/h2>\n\t\t\t<p class=\"heading_primary\"  >DO NAS<\/p>\n\t\t\t<div class=\"heading-des\">Je\u017celi chcesz uzyska\u0107 szybk\u0105 odpowied\u017a preferujemy kontakt telefoniczny. Jednak w razie problem\u00f3w zapraszamy do korzystania z formularza<\/div>\n\t\t\t\n\t\t<\/div>\n\t<\/div><\/div>[vc_column_text css=&#8221;.vc_custom_1638387295140{padding-top: 60px !important;padding-right: 60px !important;padding-bottom: 40px !important;padding-left: 60px !important;background-color: #f9f9f9 !important;}&#8221; el_class=&#8221;contact-column&#8221;]<div role=\"form\" class=\"wpcf7\" id=\"wpcf7-f9-o1\" lang=\"pl-PL\" dir=\"ltr\">\n<div class=\"screen-reader-response\"><p role=\"status\" aria-live=\"polite\" aria-atomic=\"true\"><\/p> <ul><\/ul><\/div>\n<form action=\"\/index.php\/wp-json\/wp\/v2\/pages\/84#wpcf7-f9-o1\" method=\"post\" class=\"wpcf7-form init\" novalidate=\"novalidate\" data-status=\"init\">\n<div style=\"display: none;\">\n<input type=\"hidden\" name=\"_wpcf7\" value=\"9\" \/>\n<input type=\"hidden\" name=\"_wpcf7_version\" value=\"5.5.3\" \/>\n<input type=\"hidden\" name=\"_wpcf7_locale\" value=\"pl_PL\" \/>\n<input type=\"hidden\" name=\"_wpcf7_unit_tag\" value=\"wpcf7-f9-o1\" \/>\n<input type=\"hidden\" name=\"_wpcf7_container_post\" value=\"0\" \/>\n<input type=\"hidden\" name=\"_wpcf7_posted_data_hash\" value=\"\" \/>\n<\/div>\n<p><label> Imi\u0119 i nazwisko (wymagane)<br \/>\n    <span class=\"wpcf7-form-control-wrap your-name\"><input type=\"text\" name=\"your-name\" value=\"\" size=\"40\" class=\"wpcf7-form-control wpcf7-text wpcf7-validates-as-required\" aria-required=\"true\" aria-invalid=\"false\" \/><\/span> <\/label><\/p>\n<p><label> Tw\u00f3j email (wymagane)<br \/>\n    <span class=\"wpcf7-form-control-wrap your-email\"><input type=\"email\" name=\"your-email\" value=\"\" size=\"40\" class=\"wpcf7-form-control wpcf7-text wpcf7-email wpcf7-validates-as-required wpcf7-validates-as-email\" aria-required=\"true\" aria-invalid=\"false\" \/><\/span> <\/label><\/p>\n<p><label> Temat<br \/>\n    <span class=\"wpcf7-form-control-wrap your-subject\"><input type=\"text\" name=\"your-subject\" value=\"\" size=\"40\" class=\"wpcf7-form-control wpcf7-text\" aria-invalid=\"false\" \/><\/span> <\/label><\/p>\n<p><label> Tre\u015b\u0107 wiadomo\u015bci<br \/>\n    <span class=\"wpcf7-form-control-wrap your-message\"><textarea name=\"your-message\" cols=\"40\" rows=\"10\" class=\"wpcf7-form-control wpcf7-textarea\" aria-invalid=\"false\"><\/textarea><\/span> <\/label><\/p>\n<p><input type=\"submit\" value=\"Wy\u015blij\" class=\"wpcf7-form-control has-spinner wpcf7-submit\" \/><\/p>\n<div class=\"wpcf7-response-output\" aria-hidden=\"true\"><\/div><\/form><\/div>[\/vc_column_text][\/vc_column][\/vc_row][vc_row][vc_column][vc_empty_space height=&#8221;100px&#8221;][\/vc_column][\/vc_row][vc_row full_width=&#8221;stretch_row_content_no_spaces&#8221;][vc_column el_class=&#8221;thim-gg-map&#8221;][vc_empty_space height=&#8221;100px&#8221;][\/vc_column][\/vc_row]<\/p>\n","protected":false},"excerpt":{"rendered":"<p>[vc_row][vc_column width=&#8221;1\/2&#8243;][vc_column_text] &nbsp; Szczyrk, ul. My\u015bliwska 57 Zadzwo\u0144. 509011625 Email. kaprys5743@gmail.com [\/vc_column_text][vc_empty_space height=&#8221;10px&#8221; el_class=&#8221;full-height&#8221;][vc_empty_space height=&#8221;19px&#8221;][\/vc_column][vc_column width=&#8221;1\/2&#8243;][vc_column_text css=&#8221;.vc_custom_1638387295140{padding-top: 60px !important;padding-right: 60px !important;padding-bottom: 40px !important;padding-left: 60px !important;background-color: #f9f9f9 !important;}&#8221; el_class=&#8221;contact-column&#8221;][\/vc_column_text][\/vc_column][\/vc_row][vc_row][vc_column][vc_empty_space height=&#8221;100px&#8221;][\/vc_column][\/vc_row][vc_row full_width=&#8221;stretch_row_content_no_spaces&#8221;][vc_column el_class=&#8221;thim-gg-map&#8221;][vc_empty_space height=&#8221;100px&#8221;][\/vc_column][\/vc_row]<\/p>\n","protected":false},"author":1,"featured_media":0,"parent":0,"menu_order":0,"comment_status":"closed","ping_status":"closed","template":"","meta":{"ngg_post_thumbnail":0,"footnotes":""},"class_list":["post-84","page","type-page","status-publish","hentry"],"jetpack_sharing_enabled":true,"_links":{"self":[{"href":"http:\/\/kaprys-szczyrk.pl\/index.php\/wp-json\/wp\/v2\/pages\/84","targetHints":{"allow":["GET"]}}],"collection":[{"href":"http:\/\/kaprys-szczyrk.pl\/index.php\/wp-json\/wp\/v2\/pages"}],"about":[{"href":"http:\/\/kaprys-szczyrk.pl\/index.php\/wp-json\/wp\/v2\/types\/page"}],"author":[{"embeddable":true,"href":"http:\/\/kaprys-szczyrk.pl\/index.php\/wp-json\/wp\/v2\/users\/1"}],"replies":[{"embeddable":true,"href":"http:\/\/kaprys-szczyrk.pl\/index.php\/wp-json\/wp\/v2\/comments?post=84"}],"version-history":[{"count":2,"href":"http:\/\/kaprys-szczyrk.pl\/index.php\/wp-json\/wp\/v2\/pages\/84\/revisions"}],"predecessor-version":[{"id":32562,"href":"http:\/\/kaprys-szczyrk.pl\/index.php\/wp-json\/wp\/v2\/pages\/84\/revisions\/32562"}],"wp:attachment":[{"href":"http:\/\/kaprys-szczyrk.pl\/index.php\/wp-json\/wp\/v2\/media?parent=84"}],"curies":[{"name":"wp","href":"https:\/\/api.w.org\/{rel}","templated":true}]}}